{"id":12954,"date":"2020-12-27T08:23:10","date_gmt":"2020-12-27T08:23:10","guid":{"rendered":"https:\/\/evapify.pt\/?page_id=12954"},"modified":"2023-01-04T17:14:22","modified_gmt":"2023-01-04T17:14:22","slug":"privacy-policy","status":"publish","type":"page","link":"https:\/\/evapify.pt\/en\/privacy-policy\/","title":{"rendered":"Privacy Policy"},"content":{"rendered":"<div data-elementor-type=\"wp-page\" data-elementor-id=\"12954\" class=\"elementor elementor-12954\" data-elementor-post-type=\"page\">\n\t\t\t\t\t\t<section class=\"elementor-section elementor-top-section elementor-element elementor-element-2b1184b0 elementor-section-boxed elementor-section-height-default elementor-section-height-default sc_fly_static\" data-id=\"2b1184b0\" data-element_type=\"section\" data-e-type=\"section\" data-settings=\"{&quot;background_background&quot;:&quot;classic&quot;}\">\n\t\t\t\t\t\t<div class=\"elementor-container elementor-column-gap-extended\">\n\t\t\t\t\t<div class=\"elementor-column elementor-col-100 elementor-top-column elementor-element elementor-element-153e1c19 sc_inner_width_none sc_content_align_inherit sc_layouts_column_icons_position_left sc_fly_static\" data-id=\"153e1c19\" data-element_type=\"column\" data-e-type=\"column\">\n\t\t\t<div class=\"elementor-widget-wrap elementor-element-populated\">\n\t\t\t\t\t\t<div class=\"elementor-element elementor-element-54db29de sc_fly_static elementor-widget elementor-widget-text-editor\" data-id=\"54db29de\" data-element_type=\"widget\" data-e-type=\"widget\" data-widget_type=\"text-editor.default\">\n\t\t\t\t<div class=\"elementor-widget-container\">\n\t\t\t\t\t\t\t\t\t<h3><strong>Quem somos<\/strong><\/h3><p>Evapify is an innovative company that represents the new era of electronic cigarettes in the world, bringing to the Portuguese market a device that combines maximum comfort and pleasure.<\/p><p>Recorrendo a tecnologia de ponta e a um design moderno, os nossos vapes s\u00e3o descart\u00e1veis, compactos e n\u00e3o necessitam de recarga, ao mesmo tempo que oferecem uma variedade de sabores.<\/p><p>Somos uma equipa internacional que desenvolveu uma s\u00e9rie de marcas modernas, nas quais in\u00fameros clientes de diferentes continentes confiam. Desde o sourcing, \u00e0 produ\u00e7\u00e3o, passando pelo processo de marketing e distribui\u00e7\u00e3o, o nosso compromisso com a qualidade \u00e9 extremamente rigoroso.<\/p><p>\u00a0<\/p><p>Evapify currently operates in 8 European markets and has been in Portugal since June 2022.<\/p><p>\u00a0<\/p><h3><strong>Coment<\/strong><strong>\u00e1rios<\/strong><\/h3><p>Quando os visitantes deixam coment\u00e1rios no site, os dados presentes no formul\u00e1rio dos coment\u00e1rios s\u00e3o guardados, bem como o endere\u00e7o de IP e o agente do utilizador do navegador, para ajudar na dete\u00e7\u00e3o de spam.<\/p><h3><strong><br \/><\/strong><strong>Multim<\/strong><strong>\u00e9<\/strong><strong>dia<\/strong><\/h3><p>Ao carregar imagens para o site, deve evitar carregar imagens com dados incorporados de geolocaliza\u00e7\u00e3o (EXIF GPS). Os visitantes podem descarregar e extrair os dados de geolocaliza\u00e7\u00e3o das imagens do site.<\/p><h3><strong><br \/>Cookies<\/strong><\/h3><p>Se visitar a p\u00e1gina de in\u00edcio de sess\u00e3o, ser\u00e1 configurado um cookie tempor\u00e1rio para determinar se o seu navegador aceita cookies. Este cookie n\u00e3o cont\u00e9m dados pessoais e ser\u00e1 eliminado ao fechar o seu navegador.<\/p><p>Ao iniciar a sess\u00e3o, ser\u00e3o configurados alguns cookies para guardar a sua informa\u00e7\u00e3o de sess\u00e3o e as suas escolhas de visualiza\u00e7\u00e3o de ecr\u00e3. Os cookies de in\u00edcio de sess\u00e3o duram um ano. Se selecionar \u201cLembrar-me\u201d, a sua sess\u00e3o ir\u00e1 persistir durante duas semanas.<\/p><p>Ao terminar a sess\u00e3o, os cookies de in\u00edcio de sess\u00e3o ser\u00e3o removidos.<\/p><h3><strong><br \/><\/strong><strong>Conte<\/strong><strong>\u00fado incorporado de outros sites<\/strong><\/h3><p>Os artigos neste site podem incluir conte\u00fado incorporado (por exemplo: v\u00eddeos, imagens, artigos, etc.). O conte\u00fado incorporado de outros sites comporta-se tal como se o utilizador visitasse esses sites.<\/p><p>Este site pode recolher dados sobre si, usar cookies, incorporar rastreio feito por terceiros, monitorizar as suas intera\u00e7\u00f5es com o mesmo, incluindo registar as intera\u00e7\u00f5es com conte\u00fado incorporado, se tiver uma conta e estiver com sess\u00e3o iniciada nesse site.<\/p><h3><strong><br \/>Com quem s\u00e3o partilhados os seus dados<\/strong><\/h3><p>Se solicitar uma redefini\u00e7\u00e3o de senha, o seu endere\u00e7o de IP ser\u00e1 inclu\u00eddo no email de redefini\u00e7\u00e3<\/p><h3><strong><br \/>Por quanto tempo s\u00e3o retidos os seus dados<\/strong><\/h3><p>Se deixar um coment\u00e1rio, o coment\u00e1rio e os seus metadados s\u00e3o guardados indefinidamente. Isto acontece de modo a ser poss\u00edvel reconhecer e aprovar automaticamente quaisquer coment\u00e1rios seguintes, em vez de os colocar numa fila de modera\u00e7\u00e3o.<\/p><p>Para utilizadores que se registem no nosso site, guardamos a informa\u00e7\u00e3o pessoal fornecida no seu perfil de utilizador.<\/p><p>Todos os utilizadores podem ver, editar, ou eliminar a sua informa\u00e7\u00e3o pessoal a qualquer momento (com a exce\u00e7\u00e3o de n\u00e3o poderem alterar o nome de utilizador). Os administradores do site podem tamb\u00e9m ver e editar essa informa\u00e7\u00e3o.<\/p><h3><strong><br \/>Que direitos tem sobre os seus dados<\/strong><\/h3><p>Se tiver uma conta neste site, ou se deixar coment\u00e1rios, pode pedir para receber um ficheiro de exporta\u00e7\u00e3o com os dados pessoais guardados, incluindo qualquer dado pessoal que indicou.<\/p><p>Tamb\u00e9m pode solicitar que os dados guardados sejam eliminados. Isto n\u00e3o inclui qualquer dado pessoal que seja obrigat\u00f3rio manter para fins administrativos, legais ou de seguran\u00e7a.<\/p><h3><strong><br \/>Para onde os seus dados s\u00e3o enviados<\/strong><\/h3><p>Os coment\u00e1rios dos visitantes podem ser verificados atrav\u00e9s de um servi\u00e7o autom\u00e1tico de dete\u00e7\u00e3o de spam.<\/p><p>\u00a0<\/p><h1>Pol\u00edticas de privacidade e confidencialidade da informa\u00e7\u00e3o.<\/h1><p>A privacidade dos dados dos nossos clientes \u00e9 muito importante para a Evapify.<\/p><p>Por essa raz\u00e3o, tomamos as devidas precau\u00e7\u00f5es e cuidados para proteger sua informa\u00e7\u00e3o, utilizando os mais completos e eficazes mecanismos de seguran\u00e7a cibern\u00e9tica para prote\u00e7\u00e3o de dados.<\/p><p>Este documento \u00e9 parte integrante dos Termos e Condi\u00e7\u00f5es Gerais da <strong>Evapify <\/strong>. Mediante a aceita\u00e7\u00e3o dos Termos e Condi\u00e7\u00f5es Gerais, o utilizador aceita as pol\u00edticas aqui contidas.<\/p><p>\u00a0<\/p><h3><a name=\"_Toc96588563\"><\/a>A informa\u00e7\u00e3o que coletamos nas nossas plataformas web.<\/h3><p>A primeira provid\u00eancia para desfrutar dos servi\u00e7os web de <strong>Evapify <\/strong>\u00e9 registar-se, introduzindo dados pessoais (&#8220;Informa\u00e7\u00e3o Pessoal&#8221;) completos e exatos.<\/p><p>A informa\u00e7\u00e3o obtida ser\u00e1 tratada de forma confidencial. Expressamente se acorda que a qualquer momento o utilizador registado em <strong>www.evapify.pt<\/strong> poder\u00e1 solicitar a remo\u00e7\u00e3o ou encerramento de seu registo e\/ou o encerramento da sua conta, bem como a elimina\u00e7\u00e3o da sua conta e informa\u00e7\u00f5es da(s) base(s) de dados. <strong>Evapify <\/strong>recolhe e armazena automaticamente algumas informa\u00e7\u00f5es sobre a atividade dos utilizadores e visitantes de seu site. Tais informa\u00e7\u00f5es podem incluir a\u00e7\u00f5es realizadas, servi\u00e7os escolhidos, avalia\u00e7\u00f5es e respostas enviadas, dentre outras informa\u00e7\u00f5es que possam ser armazenadas.<\/p><p>\u00a0<\/p><h3><a name=\"_Toc96588564\"><\/a>Utiliza\u00e7\u00e3o da informa\u00e7\u00e3o por Evapify.<\/h3><p>Para fornecer um servi\u00e7o de qualidade e para que os Usu\u00e1rios possam realizar opera\u00e7\u00f5es de forma \u00e1gil e segura, a <strong>Evapify <\/strong>requer certas informa\u00e7\u00f5es de car\u00e1ter pessoal, incluindo endere\u00e7os de e-mail. A recolha dessas informa\u00e7\u00f5es permite-nos oferecer aos Utilizadores servi\u00e7os e funcionalidades que se possam adequar \u00e0s suas necessidades e personalizar os nossos servi\u00e7os para fazer com que a sua experi\u00eancia com <strong>Evapify <\/strong>seja o mais c\u00f3moda poss\u00edvel.<\/p><p>\u00a0<\/p><h3><a name=\"_Toc96588565\"><\/a>Confidencialidade da informa\u00e7\u00e3o.<\/h3><p>Uma vez registado em seu web site, <strong>Evapify <\/strong>n\u00e3o vender\u00e1 ou compartilhar\u00e1 dados pessoais do Titular, exceto nas formas estabelecidas nestas pol\u00edticas, e ser\u00e1 feito tudo o que estiver ao alcance no sentido de proteger a privacidade da informa\u00e7\u00e3o.<\/p><p>Pode ocorrer que, em virtude de ordens judiciais, ou de disposi\u00e7\u00f5es legais, <strong>Evapify <\/strong>seja compelida a revelar informa\u00e7\u00f5es \u00e0s autoridades ou terceiras partes sob certas circunst\u00e2ncias, ou em casos em que terceiros possam intercetar ou aceder certas informa\u00e7\u00f5es ou transmiss\u00f5es de dados de forma il\u00edcita, casos estes em que <strong>Evapify <\/strong>n\u00e3o responder\u00e1 pela informa\u00e7\u00e3o que seja revelada.<\/p><p>\u00a0<\/p><h3><a name=\"_Toc96588566\"><\/a>Nome de Utilizador<\/h3><p>Para interagir dentro do site, os utilizadores devem utilizar um Nome de Utilizador que os identifique. Os utilizadores n\u00e3o ter\u00e3o acesso \u00e0 informa\u00e7\u00e3o pessoal de outros utilizadores, salvo quando tenham realizado com ele alguma opera\u00e7\u00e3o atrav\u00e9s de nossa plataforma, caso em que ambas as partes receber\u00e3o os dados um do outro.<\/p><p>\u00a0<\/p><h3>Senha Pessoal.<\/h3><p>Para aceder aos nossos servi\u00e7os reservados unicamente aos utilizadores devidamente registados, estes ir\u00e3o dispor de uma senha pessoal. Esta senha deve ser mantida sob absoluta confidencialidade e, em nenhum caso, dever\u00e1 ser revelada ou compartilhada com outras pessoas.<\/p><p>O utilizador ser\u00e1 respons\u00e1vel por todos os atos que sejam realizados com o uso de seu Nome de Utilizador e senha, o que inclui responder pelo pagamento de tarifas que sejam eventualmente devidas, ou a responsabiliza\u00e7\u00e3o por preju\u00edzos que possam vir a sofrer de outros utilizadores por tal motivo.<\/p><p>Se por qualquer raz\u00e3o um utilizador desconfiar que algu\u00e9m pode conhecer sua senha, dever\u00e1 modific\u00e1-la ingressando, pelo menu de navega\u00e7\u00e3o, na sua \u00e1rea pessoal.<\/p><p>\u00a0<\/p><h3><a name=\"_Toc96588568\"><\/a>Menores de idade.<\/h3><p>Nossos servi\u00e7os est\u00e3o apenas dispon\u00edveis para aquelas pessoas que tenham capacidade legal para os contratar. Portanto, aqueles que n\u00e3o cumpram com tal requisito dever\u00e3o abster-se de enviar suas informa\u00e7\u00f5es pessoais para serem inclu\u00eddas em nossas bases de dados. Contudo, podem faz\u00ea-lo por meio de seus pais ou respons\u00e1veis legais.<\/p><p>\u00a0<\/p><h3><a name=\"_Toc96588569\"><\/a>Ordem de autoridades competentes \u2013 Requerimentos Legais.<\/h3><p>A <strong>Evapify <\/strong>coopera com as autoridades competentes e com terceiros para garantir o cumprimento da lei, por exemplo, em mat\u00e9ria de prote\u00e7\u00e3o de direitos de propriedade industrial e intelectual, preven\u00e7\u00e3o de fraudes e outros.<\/p><p>A <strong>Evapify <\/strong>poder\u00e1 revelar a informa\u00e7\u00e3o pessoal de seus utilizadores sob requerimento de autoridades judiciais ou governamentais competentes para fins de investiga\u00e7\u00f5es conduzidas por estas, mesmo que n\u00e3o exista uma ordem judicial, por exemplo (e sem limitar-se a), quando se trate de investiga\u00e7\u00f5es de car\u00e1ter penal ou relacionadas com pirataria inform\u00e1tica ou a viola\u00e7\u00e3o de direitos de autor. Nestas situa\u00e7\u00f5es, a <strong>Evapify <\/strong>colaborar\u00e1 com as autoridades competentes com o fim de salvaguardar a integridade e a seguran\u00e7a da comunidade e dos seus utilizadores.<\/p><p>A <strong>Evapify <\/strong>pode (e os Usu\u00e1rios desde j\u00e1 expressamente o autorizam) comunicar qualquer Informa\u00e7\u00e3o Pessoal sobre seus utilizadores com a finalidade de cumprir a legisla\u00e7\u00e3o aplic\u00e1vel e cooperar com as autoridades competentes, na medida em que discricionariamente entenda necess\u00e1rio e adequado em rela\u00e7\u00e3o a qualquer investiga\u00e7\u00e3o de um il\u00edcito, infra\u00e7\u00e3o de direitos de propriedade industrial ou intelectual, ou outra atividade que seja ilegal ou que possa expor a <strong>Evapify <\/strong>ou seus utilizadores a qualquer responsabilidade legal.<\/p><p>Este direito ser\u00e1 exercido por <strong>Evapify <\/strong>a fim de cooperar com o cumprimento e execu\u00e7\u00e3o da lei, independentemente de existir ou n\u00e3o uma ordem judicial ou administrativa para o efeito.<\/p><p>Al\u00e9m disso, a <strong>Evapify <\/strong>reserva o direito de (e os utilizadores desde j\u00e1 expressamente o autorizam) comunicar informa\u00e7\u00e3o sobre seus utilizadores a outros utilizadores, entidades ou terceiros quando haja motivos suficientes para considerar que a atividade de um utilizador seja suspeita de tentar ou de cometer um delito ou tentar prejudicar a outras pessoas. Este direito ser\u00e1 utilizado por <strong>Evapify <\/strong>a seu inteiro dispor quando considere apropriado ou necess\u00e1rio para manter a integridade e a seguran\u00e7a da comunidade e de seus utilizadores, para fazer cumprir os Termos e Condi\u00e7\u00f5es Gerais e demais pol\u00edticas do site e com o fim de cooperar com a execu\u00e7\u00e3o e cumprimento da lei. Este direito ser\u00e1 exercido pela <strong>Evapify <\/strong>independentemente de existir uma ordem judicial ou administrativa nesse sentido.<\/p><p>\u00a0<\/p><h3><a name=\"_Toc96588570\"><\/a>Seguran\u00e7a e Armazenamento da informa\u00e7\u00e3o.<\/h3><p>A <strong>Evapify <\/strong>est\u00e1 obrigada a observar todas as normas aplic\u00e1veis em mat\u00e9ria de medidas de seguran\u00e7a de informa\u00e7\u00e3o pessoal. Al\u00e9m disso, emprega os padr\u00f5es mais avan\u00e7ados da ind\u00fastria em mat\u00e9ria de prote\u00e7\u00e3o da confidencialidade das informa\u00e7\u00f5es pessoais, a incluir, entre outras medidas, firewalls, anti-ramnsonware, anti-malware, etc.<\/p><p>A <strong>Evapify <\/strong>considera os dados de seus utilizadores como um bem precioso que deve ser protegido de qualquer perda ou acesso n\u00e3o autorizado. Empregamos, portanto, diversas t\u00e9cnicas de seguran\u00e7a para proteger tais dados de acessos n\u00e3o autorizados por utilizadores de dentro ou fora da empresa. Ainda assim, \u00e9 necess\u00e1rio considerar que a seguran\u00e7a perfeita n\u00e3o existe no que toca a sistemas de informa\u00e7\u00e3o\/comunica\u00e7\u00e3o. Portanto, A <strong>Evapify <\/strong>n\u00e3o ser\u00e1 respons\u00e1vel por interceta\u00e7\u00f5es ilegais, ou viola\u00e7\u00e3o de seus sistemas, ou bases de dados por parte de pessoas n\u00e3o autorizadas. A <strong>Evapify<\/strong>, tamb\u00e9m n\u00e3o se responsabilizar\u00e1 pela indevida utiliza\u00e7\u00e3o da informa\u00e7\u00e3o obtida por esses meios. Todos os dados pessoais dos utilizadores ser\u00e3o armazenados em um arquivo automatizado de dados pessoais.<\/p><p>O arquivo de Dados Pessoais dos utilizadores da <strong>Evapify <\/strong>est\u00e1 localizado em Portugal. O Usu\u00e1rio, ao cadastrar-se em &lt;Nome de Utilizador&gt;, confirma que est\u00e1 informado da localiza\u00e7\u00e3o deste arquivo e autoriza caso se aplique esta transfer\u00eancia internacional de seus dados.<\/p><p>\u00a0<\/p><h1><a name=\"_Toc96588576\"><\/a>Pol\u00edtica de informa\u00e7\u00e3o publicit\u00e1ria e processamento de dados com finalidades comerciais e de fideliza\u00e7\u00e3o<\/h1><p>\u00a0<\/p><p>Se o utilizador\/cliente assim o manifestar, mediante configura\u00e7\u00e3o da sua conta ou se consentir receber a nossa newsletter, os seus dados ser\u00e3o utilizados para o informar de forma personalizada, atrav\u00e9s de qualquer meio, inclusivamente eletr\u00f3nicos ou telef\u00f3nicos, sobre produtos ou servi\u00e7os comercializados e relativos \u00e0 atividade da empresa. Os seus dados ser\u00e3o igualmente recolhidos para a melhoria da qualidade dos servi\u00e7os, de segmenta\u00e7\u00e3o comercial e de fideliza\u00e7\u00e3o dos clientes.<strong>\u00a0 <\/strong><\/p><p>Se n\u00e3o desejar receber comunica\u00e7\u00f5es comerciais, pode enviar um e-mail a retirar o seu consentimento para o email <a href=\"mailto:portugal.info@evapify.com\">portugal.info@evapify.com<\/a><strong> .<\/strong><\/p><p>\u00a0<\/p><h1><a name=\"_Toc96588577\"><\/a>Pol\u00edtica de cookies<\/h1><p>Devido ao modo como funcionam os standards de comunica\u00e7\u00e3o, o acesso aos websites da <strong>Evapify<\/strong> pode implicar a utiliza\u00e7\u00e3o de cookies. Os cookies s\u00e3o pequenos ficheiros que s\u00e3o gravados no computador do utilizador e que servem apenas para identificar o computador que est\u00e1 a aceder ao web site. Esses ficheiros n\u00e3o mant\u00eam nenhuma informa\u00e7\u00e3o pessoal. Os cookies t\u00eam, geralmente, uma dura\u00e7\u00e3o limitada no tempo. Nenhum cookie extrai informa\u00e7\u00e3o do disco r\u00edgido do computador do utilizador, acede ou retira informa\u00e7\u00e3o pessoal ou l\u00ea os ficheiros cookies criados por outros fornecedores. Atrav\u00e9s da utiliza\u00e7\u00e3o de cookies \u00e9 poss\u00edvel reconhecer os utilizadores devidamente registados, desde que utilizem o mesmo equipamento e navegador, sem que se tenham de registar em cada visita para aceder \u00e0s \u00e1reas e servi\u00e7os reservados exclusivos.<\/p><p>O utilizador \u00e9 livre para rejeitar cookies se o navegador o permitir, mas ao faz\u00ea-lo est\u00e1 a comprometer a plena funcionalidade dos websites da <strong>Evapify<\/strong>.<\/p>\t\t\t\t\t\t\t\t<\/div>\n\t\t\t\t<\/div>\n\t\t\t\t\t<\/div>\n\t\t<\/div>\n\t\t\t\t\t<\/div>\n\t\t<\/section>\n\t\t\t\t<section class=\"elementor-section elementor-top-section elementor-element elementor-element-7ef86bc8 elementor-section-boxed elementor-section-height-default elementor-section-height-default sc_fly_static\" data-id=\"7ef86bc8\" data-element_type=\"section\" data-e-type=\"section\">\n\t\t\t\t\t\t<div class=\"elementor-container elementor-column-gap-extended\">\n\t\t\t\t\t<div class=\"elementor-column elementor-col-100 elementor-top-column elementor-element elementor-element-19372eea sc_inner_width_none sc_content_align_inherit sc_layouts_column_icons_position_left sc_fly_static\" data-id=\"19372eea\" data-element_type=\"column\" data-e-type=\"column\">\n\t\t\t<div class=\"elementor-widget-wrap elementor-element-populated\">\n\t\t\t\t\t\t<div class=\"elementor-element elementor-element-690b98ed sc_fly_static elementor-widget elementor-widget-spacer\" data-id=\"690b98ed\" data-element_type=\"widget\" data-e-type=\"widget\" data-widget_type=\"spacer.default\">\n\t\t\t\t<div class=\"elementor-widget-container\">\n\t\t\t\t\t\t\t<div class=\"elementor-spacer\">\n\t\t\t<div class=\"elementor-spacer-inner\"><\/div>\n\t\t<\/div>\n\t\t\t\t\t\t<\/div>\n\t\t\t\t<\/div>\n\t\t\t\t\t<\/div>\n\t\t<\/div>\n\t\t\t\t\t<\/div>\n\t\t<\/section>\n\t\t\t\t<\/div>","protected":false},"excerpt":{"rendered":"<p>Quem somos A Evapify \u00e9 uma empresa inovadora que representa a nova era dos cigarros eletr\u00f3nicos no mundo, trazendo para o mercado portugu\u00eas um dispositivo que combina o m\u00e1ximo de&hellip;<\/p>","protected":false},"author":1,"featured_media":0,"parent":0,"menu_order":0,"comment_status":"closed","ping_status":"closed","template":"","meta":{"footnotes":""},"class_list":["post-12954","page","type-page","status-publish","hentry"],"_links":{"self":[{"href":"https:\/\/evapify.pt\/en\/wp-json\/wp\/v2\/pages\/12954","targetHints":{"allow":["GET"]}}],"collection":[{"href":"https:\/\/evapify.pt\/en\/wp-json\/wp\/v2\/pages"}],"about":[{"href":"https:\/\/evapify.pt\/en\/wp-json\/wp\/v2\/types\/page"}],"author":[{"embeddable":true,"href":"https:\/\/evapify.pt\/en\/wp-json\/wp\/v2\/users\/1"}],"replies":[{"embeddable":true,"href":"https:\/\/evapify.pt\/en\/wp-json\/wp\/v2\/comments?post=12954"}],"version-history":[{"count":6,"href":"https:\/\/evapify.pt\/en\/wp-json\/wp\/v2\/pages\/12954\/revisions"}],"predecessor-version":[{"id":22608,"href":"https:\/\/evapify.pt\/en\/wp-json\/wp\/v2\/pages\/12954\/revisions\/22608"}],"wp:attachment":[{"href":"https:\/\/evapify.pt\/en\/wp-json\/wp\/v2\/media?parent=12954"}],"curies":[{"name":"wp","href":"https:\/\/api.w.org\/{rel}","templated":true}]}}