{"id":23516,"date":"2023-01-20T15:52:55","date_gmt":"2023-01-20T15:52:55","guid":{"rendered":"https:\/\/evapify.pt\/?page_id=23516"},"modified":"2023-01-26T14:01:23","modified_gmt":"2023-01-26T14:01:23","slug":"about-evapify","status":"publish","type":"page","link":"https:\/\/evapify.pt\/en\/about-evapify\/","title":{"rendered":"About Evapify"},"content":{"rendered":"<div data-elementor-type=\"wp-page\" data-elementor-id=\"23516\" class=\"elementor elementor-23516\" data-elementor-post-type=\"page\">\n\t\t\t\t\t\t<section class=\"elementor-section elementor-top-section elementor-element elementor-element-4e2830d elementor-section-full_width elementor-section-height-default elementor-section-height-default sc_fly_static\" data-id=\"4e2830d\" data-element_type=\"section\" data-e-type=\"section\">\n\t\t\t\t\t\t<div class=\"elementor-container elementor-column-gap-default\">\n\t\t\t\t\t<div class=\"elementor-column elementor-col-33 elementor-top-column elementor-element elementor-element-6c3d779 sc_inner_width_none sc_content_align_inherit sc_layouts_column_icons_position_left sc_fly_static\" data-id=\"6c3d779\" data-element_type=\"column\" data-e-type=\"column\" data-settings=\"{&quot;background_background&quot;:&quot;classic&quot;}\">\n\t\t\t<div class=\"elementor-widget-wrap\">\n\t\t\t\t\t\t\t<\/div>\n\t\t<\/div>\n\t\t\t\t<div class=\"elementor-column elementor-col-66 elementor-top-column elementor-element elementor-element-f80f7f4 sc_inner_width_1_1 sc_content_align_inherit sc_layouts_column_icons_position_left sc_fly_static\" data-id=\"f80f7f4\" data-element_type=\"column\" data-e-type=\"column\">\n\t\t\t<div class=\"elementor-widget-wrap elementor-element-populated\">\n\t\t\t\t\t\t<div class=\"elementor-element elementor-element-71882df sc_fly_static elementor-widget elementor-widget-text-editor\" data-id=\"71882df\" data-element_type=\"widget\" data-e-type=\"widget\" data-widget_type=\"text-editor.default\">\n\t\t\t\t<div class=\"elementor-widget-container\">\n\t\t\t\t\t\t\t\t\t<h1>About the brand<\/h1><p>Evapify is an innovative company that represents the new era of electronic cigarettes in the world, bringing to the Portuguese market a device that combines maximum comfort and pleasure.<br \/>Using state-of-the-art technology and a modern design, our vapes are disposable, compact and do not require refills, while offering a variety of flavors that will satisfy even the most demanding: from classic tobacco flavors for the most conservative to exotic mango and ice for those who like to experiment.<br \/>We are a team of international experts who have built modern brands trusted by millions of customers across three continents. From sourcing and production to marketing and distribution, our commitment to quality is extremely strict.<br \/>Evapify currently operates in 8 European markets and has been in Portugal since June 2022.<\/p>\t\t\t\t\t\t\t\t<\/div>\n\t\t\t\t<\/div>\n\t\t\t\t\t<\/div>\n\t\t<\/div>\n\t\t\t\t\t<\/div>\n\t\t<\/section>\n\t\t\t\t<section class=\"elementor-section elementor-top-section elementor-element elementor-element-2b233fb elementor-section-full_width elementor-section-height-default elementor-section-height-default sc_fly_static\" data-id=\"2b233fb\" data-element_type=\"section\" data-e-type=\"section\">\n\t\t\t\t\t\t<div class=\"elementor-container elementor-column-gap-extended\">\n\t\t\t\t\t<div class=\"elementor-column elementor-col-66 elementor-top-column elementor-element elementor-element-94fd2a8 sc_inner_width_none sc_content_align_inherit sc_layouts_column_icons_position_left sc_fly_static\" data-id=\"94fd2a8\" data-element_type=\"column\" data-e-type=\"column\">\n\t\t\t<div class=\"elementor-widget-wrap elementor-element-populated\">\n\t\t\t\t\t\t<div class=\"elementor-element elementor-element-bfdbf3b sc_fly_static elementor-widget elementor-widget-text-editor\" data-id=\"bfdbf3b\" data-element_type=\"widget\" data-e-type=\"widget\" data-widget_type=\"text-editor.default\">\n\t\t\t\t<div class=\"elementor-widget-container\">\n\t\t\t\t\t\t\t\t\t<h1>Sobre a marca<\/h1>\n<p>Vaping has become one of the most popular forms of tobacco consumption around the world, and has created a new lifestyle, especially among younger generations who want to avoid the dangers of traditional cigarettes. EVAPIFY's product concept is for its consumers to embrace the pleasures of vaping, express its unique character, and promote a less unhealthy alternative for those who would otherwise continue to smoke.<br>Evaporate the norm \u2013 the slogan itself shows the brand's attitude, \u201cbecome an outsider and enjoy\u201d. Enjoying life is often thought of as a 'mindset', not limited by time, space, or who we are. Even though there is a lack of time to escape the day-to-day routine, EVAPIFY represents that escape.<br>With EVAPIFY there are no excuses to have fun, offering the best flavors together with the best technology and design. No commitments.<\/p>\t\t\t\t\t\t\t\t<\/div>\n\t\t\t\t<\/div>\n\t\t\t\t\t<\/div>\n\t\t<\/div>\n\t\t\t\t<div class=\"elementor-column elementor-col-33 elementor-top-column elementor-element elementor-element-e1c2360 sc_inner_width_none sc_content_align_inherit sc_layouts_column_icons_position_left sc_fly_static\" data-id=\"e1c2360\" data-element_type=\"column\" data-e-type=\"column\" data-settings=\"{&quot;background_background&quot;:&quot;classic&quot;}\">\n\t\t\t<div class=\"elementor-widget-wrap\">\n\t\t\t\t\t\t\t<\/div>\n\t\t<\/div>\n\t\t\t\t\t<\/div>\n\t\t<\/section>\n\t\t\t\t<\/div>","protected":false},"excerpt":{"rendered":"<p>Sobre a empresa A Evapify \u00e9 uma empresa inovadora que representa a nova era dos cigarros eletr\u00f3nicos no mundo, trazendo para o mercado portugu\u00eas um dispositivo que combina o m\u00e1ximo&hellip;<\/p>","protected":false},"author":1,"featured_media":0,"parent":0,"menu_order":0,"comment_status":"closed","ping_status":"closed","template":"","meta":{"footnotes":""},"class_list":["post-23516","page","type-page","status-publish","hentry"],"_links":{"self":[{"href":"https:\/\/evapify.pt\/en\/wp-json\/wp\/v2\/pages\/23516","targetHints":{"allow":["GET"]}}],"collection":[{"href":"https:\/\/evapify.pt\/en\/wp-json\/wp\/v2\/pages"}],"about":[{"href":"https:\/\/evapify.pt\/en\/wp-json\/wp\/v2\/types\/page"}],"author":[{"embeddable":true,"href":"https:\/\/evapify.pt\/en\/wp-json\/wp\/v2\/users\/1"}],"replies":[{"embeddable":true,"href":"https:\/\/evapify.pt\/en\/wp-json\/wp\/v2\/comments?post=23516"}],"version-history":[{"count":28,"href":"https:\/\/evapify.pt\/en\/wp-json\/wp\/v2\/pages\/23516\/revisions"}],"predecessor-version":[{"id":24016,"href":"https:\/\/evapify.pt\/en\/wp-json\/wp\/v2\/pages\/23516\/revisions\/24016"}],"wp:attachment":[{"href":"https:\/\/evapify.pt\/en\/wp-json\/wp\/v2\/media?parent=23516"}],"curies":[{"name":"wp","href":"https:\/\/api.w.org\/{rel}","templated":true}]}}