{"id":23584,"date":"2023-01-23T13:07:44","date_gmt":"2023-01-23T13:07:44","guid":{"rendered":"https:\/\/evapify.pt\/?post_type=product&#038;p=23584"},"modified":"2025-05-30T22:48:41","modified_gmt":"2025-05-30T22:48:41","slug":"geekbar-strawberry-ice-cream","status":"publish","type":"product","link":"https:\/\/evapify.pt\/en\/product\/geekbar-strawberry-ice-cream\/","title":{"rendered":"Geekbar Strawberry Ice Cream"},"content":{"rendered":"<p><strong>Cremoso, de sonho, proporciona uma sensa\u00e7\u00e3o de pleno ver\u00e3o.<\/strong><\/p>\n<ul>\n<li>Nicotina: 0%<\/li>\n<li>Puffs: Acima de 575<\/li>\n<li>Bateria: 500 mAh<\/li>\n<li>Quantidade de l\u00edquido: 2 ml<\/li>\n<\/ul>","protected":false},"excerpt":{"rendered":"<p><strong>Cremoso, de sonho, proporciona uma sensa\u00e7\u00e3o de pleno ver\u00e3o.<\/strong><\/p>","protected":false},"featured_media":23755,"comment_status":"open","ping_status":"closed","template":"","meta":[],"product_brand":[],"product_cat":[202,220],"product_tag":[],"class_list":{"0":"post-23584","1":"product","2":"type-product","3":"status-publish","4":"has-post-thumbnail","6":"product_cat-geek-bar","7":"product_cat-sem-nicotina","9":"first","10":"outofstock","11":"taxable","12":"shipping-taxable","13":"purchasable","14":"product-type-variable"},"_links":{"self":[{"href":"https:\/\/evapify.pt\/en\/wp-json\/wp\/v2\/product\/23584","targetHints":{"allow":["GET"]}}],"collection":[{"href":"https:\/\/evapify.pt\/en\/wp-json\/wp\/v2\/product"}],"about":[{"href":"https:\/\/evapify.pt\/en\/wp-json\/wp\/v2\/types\/product"}],"replies":[{"embeddable":true,"href":"https:\/\/evapify.pt\/en\/wp-json\/wp\/v2\/comments?post=23584"}],"version-history":[{"count":4,"href":"https:\/\/evapify.pt\/en\/wp-json\/wp\/v2\/product\/23584\/revisions"}],"predecessor-version":[{"id":23633,"href":"https:\/\/evapify.pt\/en\/wp-json\/wp\/v2\/product\/23584\/revisions\/23633"}],"wp:featuredmedia":[{"embeddable":true,"href":"https:\/\/evapify.pt\/en\/wp-json\/wp\/v2\/media\/23755"}],"wp:attachment":[{"href":"https:\/\/evapify.pt\/en\/wp-json\/wp\/v2\/media?parent=23584"}],"wp:term":[{"taxonomy":"product_brand","embeddable":true,"href":"https:\/\/evapify.pt\/en\/wp-json\/wp\/v2\/product_brand?post=23584"},{"taxonomy":"product_cat","embeddable":true,"href":"https:\/\/evapify.pt\/en\/wp-json\/wp\/v2\/product_cat?post=23584"},{"taxonomy":"product_tag","embeddable":true,"href":"https:\/\/evapify.pt\/en\/wp-json\/wp\/v2\/product_tag?post=23584"}],"curies":[{"name":"wp","href":"https:\/\/api.w.org\/{rel}","templated":true}]}}