{"id":24597,"date":"2024-07-04T17:15:36","date_gmt":"2024-07-04T17:15:36","guid":{"rendered":"https:\/\/evapify.pt\/?post_type=product&#038;p=24597"},"modified":"2024-07-04T17:27:28","modified_gmt":"2024-07-04T17:27:28","slug":"lost-mary-triple-mango","status":"publish","type":"product","link":"https:\/\/evapify.pt\/en\/product\/lost-mary-triple-mango\/","title":{"rendered":"Lost Mary Triple Mango"},"content":{"rendered":"<p><strong>Explos\u00e3o tropical com um sabor ex\u00f3tico que captura a ess\u00eancia da manga.<\/strong><\/p>","protected":false},"excerpt":{"rendered":"<p>Explos\u00e3o tropical com um sabor ex\u00f3tico que captura a ess\u00eancia da manga.<\/p>","protected":false},"featured_media":24598,"comment_status":"closed","ping_status":"closed","template":"","meta":[],"product_brand":[],"product_cat":[219,233],"product_tag":[],"class_list":{"0":"post-24597","1":"product","2":"type-product","3":"status-publish","4":"has-post-thumbnail","6":"product_cat-com-nicotina","7":"product_cat-lost-mary","9":"first","10":"outofstock","11":"taxable","12":"shipping-taxable","13":"purchasable","14":"product-type-simple"},"_links":{"self":[{"href":"https:\/\/evapify.pt\/en\/wp-json\/wp\/v2\/product\/24597","targetHints":{"allow":["GET"]}}],"collection":[{"href":"https:\/\/evapify.pt\/en\/wp-json\/wp\/v2\/product"}],"about":[{"href":"https:\/\/evapify.pt\/en\/wp-json\/wp\/v2\/types\/product"}],"replies":[{"embeddable":true,"href":"https:\/\/evapify.pt\/en\/wp-json\/wp\/v2\/comments?post=24597"}],"version-history":[{"count":1,"href":"https:\/\/evapify.pt\/en\/wp-json\/wp\/v2\/product\/24597\/revisions"}],"predecessor-version":[{"id":24599,"href":"https:\/\/evapify.pt\/en\/wp-json\/wp\/v2\/product\/24597\/revisions\/24599"}],"wp:featuredmedia":[{"embeddable":true,"href":"https:\/\/evapify.pt\/en\/wp-json\/wp\/v2\/media\/24598"}],"wp:attachment":[{"href":"https:\/\/evapify.pt\/en\/wp-json\/wp\/v2\/media?parent=24597"}],"wp:term":[{"taxonomy":"product_brand","embeddable":true,"href":"https:\/\/evapify.pt\/en\/wp-json\/wp\/v2\/product_brand?post=24597"},{"taxonomy":"product_cat","embeddable":true,"href":"https:\/\/evapify.pt\/en\/wp-json\/wp\/v2\/product_cat?post=24597"},{"taxonomy":"product_tag","embeddable":true,"href":"https:\/\/evapify.pt\/en\/wp-json\/wp\/v2\/product_tag?post=24597"}],"curies":[{"name":"wp","href":"https:\/\/api.w.org\/{rel}","templated":true}]}}