{"id":24603,"date":"2024-07-04T17:24:39","date_gmt":"2024-07-04T17:24:39","guid":{"rendered":"https:\/\/evapify.pt\/?post_type=product&#038;p=24603"},"modified":"2024-07-04T17:27:08","modified_gmt":"2024-07-04T17:27:08","slug":"lost-mary-peach-strawberry-watermelon-ice","status":"publish","type":"product","link":"https:\/\/evapify.pt\/en\/product\/lost-mary-peach-strawberry-watermelon-ice\/","title":{"rendered":"Lost Mary Peach Strawberry Watermelon Ice"},"content":{"rendered":"<p><strong>Combina\u00e7\u00e3o refrescante que une o sabor do p\u00eassego, morango e melancia com uma sensa\u00e7\u00e3o de frescura.<\/strong><\/p>","protected":false},"excerpt":{"rendered":"<p>Combina\u00e7\u00e3o refrescante que une o sabor do p\u00eassego, morango e melancia com uma sensa\u00e7\u00e3o de frescura.<\/p>","protected":false},"featured_media":24605,"comment_status":"closed","ping_status":"closed","template":"","meta":[],"product_brand":[],"product_cat":[219,233],"product_tag":[],"class_list":{"0":"post-24603","1":"product","2":"type-product","3":"status-publish","4":"has-post-thumbnail","6":"product_cat-com-nicotina","7":"product_cat-lost-mary","9":"first","10":"outofstock","11":"taxable","12":"shipping-taxable","13":"purchasable","14":"product-type-simple"},"_links":{"self":[{"href":"https:\/\/evapify.pt\/en\/wp-json\/wp\/v2\/product\/24603","targetHints":{"allow":["GET"]}}],"collection":[{"href":"https:\/\/evapify.pt\/en\/wp-json\/wp\/v2\/product"}],"about":[{"href":"https:\/\/evapify.pt\/en\/wp-json\/wp\/v2\/types\/product"}],"replies":[{"embeddable":true,"href":"https:\/\/evapify.pt\/en\/wp-json\/wp\/v2\/comments?post=24603"}],"version-history":[{"count":1,"href":"https:\/\/evapify.pt\/en\/wp-json\/wp\/v2\/product\/24603\/revisions"}],"predecessor-version":[{"id":24604,"href":"https:\/\/evapify.pt\/en\/wp-json\/wp\/v2\/product\/24603\/revisions\/24604"}],"wp:featuredmedia":[{"embeddable":true,"href":"https:\/\/evapify.pt\/en\/wp-json\/wp\/v2\/media\/24605"}],"wp:attachment":[{"href":"https:\/\/evapify.pt\/en\/wp-json\/wp\/v2\/media?parent=24603"}],"wp:term":[{"taxonomy":"product_brand","embeddable":true,"href":"https:\/\/evapify.pt\/en\/wp-json\/wp\/v2\/product_brand?post=24603"},{"taxonomy":"product_cat","embeddable":true,"href":"https:\/\/evapify.pt\/en\/wp-json\/wp\/v2\/product_cat?post=24603"},{"taxonomy":"product_tag","embeddable":true,"href":"https:\/\/evapify.pt\/en\/wp-json\/wp\/v2\/product_tag?post=24603"}],"curies":[{"name":"wp","href":"https:\/\/api.w.org\/{rel}","templated":true}]}}